{"id":851,"date":"2026-03-24T02:43:02","date_gmt":"2026-03-24T02:43:02","guid":{"rendered":"https:\/\/emdesenvolvimento.com.br\/vm360\/?page_id=851"},"modified":"2026-03-26T17:56:37","modified_gmt":"2026-03-26T17:56:37","slug":"proposta","status":"publish","type":"page","link":"https:\/\/emdesenvolvimento.com.br\/vm360\/proposta\/","title":{"rendered":"Proposta"},"content":{"rendered":"<style>.elementor-851 .elementor-element.elementor-element-aa4711e{--display:flex;--min-height:43vh;--flex-direction:column;--container-widget-width:100%;--container-widget-height:initial;--container-widget-flex-grow:0;--container-widget-align-self:initial;--flex-wrap-mobile:wrap;--justify-content:center;--overlay-opacity:0.22;}.elementor-851 .elementor-element.elementor-element-aa4711e:not(.elementor-motion-effects-element-type-background), .elementor-851 .elementor-element.elementor-element-aa4711e > .elementor-motion-effects-container > .elementor-motion-effects-layer{background-color:transparent;background-image:linear-gradient(196deg, var( --e-global-color-f914e75 ) -20%, var( --e-global-color-accent ) 150%);}.elementor-851 .elementor-element.elementor-element-aa4711e::before, .elementor-851 .elementor-element.elementor-element-aa4711e > .elementor-background-video-container::before, .elementor-851 .elementor-element.elementor-element-aa4711e > .e-con-inner > .elementor-background-video-container::before, .elementor-851 .elementor-element.elementor-element-aa4711e > .elementor-background-slideshow::before, .elementor-851 .elementor-element.elementor-element-aa4711e > .e-con-inner > .elementor-background-slideshow::before, .elementor-851 .elementor-element.elementor-element-aa4711e > .elementor-motion-effects-container > .elementor-motion-effects-layer::before{--background-overlay:'';background-color:var( --e-global-color-f914e75 );background-image:url(\"https:\/\/emdesenvolvimento.com.br\/vm360\/wp-content\/uploads\/2026\/03\/grey-marble-column-details-building-v2.webp\");background-position:center center;background-size:cover;}.elementor-851 .elementor-element.elementor-element-18e0c4e{--display:flex;}.elementor-851 .elementor-element.elementor-element-5e74d89{text-align:center;}.elementor-851 .elementor-element.elementor-element-5e74d89 .elementor-heading-title{font-family:\"Erstoria\", Sans-serif;font-size:3.375em;color:var( --e-global-color-secondary );}.elementor-851 .elementor-element.elementor-element-759a482{text-align:center;font-family:\"Poppins\", Sans-serif;font-weight:400;color:#FFFFFF;}.elementor-851 .elementor-element.elementor-element-759a482 p{margin-block-end:0px;}.elementor-851 .elementor-element.elementor-element-759a482 a{color:var( --e-global-color-f914e75 );transition-duration:0.3s;}.elementor-851 .elementor-element.elementor-element-0af566a{--display:flex;--gap:30px 30px;--row-gap:30px;--column-gap:30px;--overlay-opacity:0.07;--padding-top:80px;--padding-bottom:80px;--padding-left:0px;--padding-right:0px;}.elementor-851 .elementor-element.elementor-element-0af566a::before, .elementor-851 .elementor-element.elementor-element-0af566a > .elementor-background-video-container::before, .elementor-851 .elementor-element.elementor-element-0af566a > .e-con-inner > .elementor-background-video-container::before, .elementor-851 .elementor-element.elementor-element-0af566a > .elementor-background-slideshow::before, .elementor-851 .elementor-element.elementor-element-0af566a > .e-con-inner > .elementor-background-slideshow::before, .elementor-851 .elementor-element.elementor-element-0af566a > .elementor-motion-effects-container > .elementor-motion-effects-layer::before{--background-overlay:'';background-image:url(\"https:\/\/emdesenvolvimento.com.br\/vm360\/wp-content\/uploads\/2026\/03\/Transparent-Patterns-02-scaled.png\");background-position:center center;background-size:53% auto;}.elementor-851 .elementor-element.elementor-element-bfe718b{text-align:center;}.elementor-851 .elementor-element.elementor-element-bfe718b .elementor-heading-title{font-family:\"Erstoria\", Sans-serif;font-size:2.25em;line-height:1.2em;color:var( --e-global-color-secondary );}.elementor-851 .elementor-element.elementor-element-7f808ef .elementor-field-group{padding-right:calc( 16px\/2 );padding-left:calc( 16px\/2 );margin-bottom:25px;}.elementor-851 .elementor-element.elementor-element-7f808ef .elementor-form-fields-wrapper{margin-left:calc( -16px\/2 );margin-right:calc( -16px\/2 );margin-bottom:-25px;}.elementor-851 .elementor-element.elementor-element-7f808ef .elementor-field-group.recaptcha_v3-bottomleft, .elementor-851 .elementor-element.elementor-element-7f808ef .elementor-field-group.recaptcha_v3-bottomright{margin-bottom:0;}body.rtl .elementor-851 .elementor-element.elementor-element-7f808ef .elementor-labels-inline .elementor-field-group > label{padding-left:3px;}body:not(.rtl) .elementor-851 .elementor-element.elementor-element-7f808ef .elementor-labels-inline .elementor-field-group > label{padding-right:3px;}body .elementor-851 .elementor-element.elementor-element-7f808ef .elementor-labels-above .elementor-field-group > label{padding-bottom:3px;}.elementor-851 .elementor-element.elementor-element-7f808ef .elementor-field-group > label, .elementor-851 .elementor-element.elementor-element-7f808ef .elementor-field-subgroup label{color:var( --e-global-color-primary );}.elementor-851 .elementor-element.elementor-element-7f808ef .elementor-field-group > label{font-family:\"Erstoria\", Sans-serif;font-size:19px;font-weight:300;}.elementor-851 .elementor-element.elementor-element-7f808ef .elementor-field-type-html{padding-bottom:0px;}.elementor-851 .elementor-element.elementor-element-7f808ef .elementor-field-group .elementor-field{color:var( --e-global-color-text );}.elementor-851 .elementor-element.elementor-element-7f808ef .elementor-field-group .elementor-field:not(.elementor-select-wrapper){background-color:#ffffff;border-color:#A2A2A2;border-width:1px 1px 1px 1px;border-radius:6px 6px 6px 6px;}.elementor-851 .elementor-element.elementor-element-7f808ef .elementor-field-group .elementor-select-wrapper select{background-color:#ffffff;border-color:#A2A2A2;border-width:1px 1px 1px 1px;border-radius:6px 6px 6px 6px;}.elementor-851 .elementor-element.elementor-element-7f808ef .elementor-field-group .elementor-select-wrapper::before{color:#A2A2A2;}.elementor-851 .elementor-element.elementor-element-7f808ef .e-form__buttons__wrapper__button-next{color:#ffffff;}.elementor-851 .elementor-element.elementor-element-7f808ef .elementor-button[type=\"submit\"]{color:#ffffff;}.elementor-851 .elementor-element.elementor-element-7f808ef .elementor-button[type=\"submit\"] svg *{fill:#ffffff;}.elementor-851 .elementor-element.elementor-element-7f808ef .e-form__buttons__wrapper__button-previous{color:#ffffff;}.elementor-851 .elementor-element.elementor-element-7f808ef .e-form__buttons__wrapper__button-next:hover{background-color:#F0F0F0;color:var( --e-global-color-primary );}.elementor-851 .elementor-element.elementor-element-7f808ef .elementor-button[type=\"submit\"]:hover{background-color:#F0F0F0;color:var( --e-global-color-primary );}.elementor-851 .elementor-element.elementor-element-7f808ef .elementor-button[type=\"submit\"]:hover svg *{fill:var( --e-global-color-primary );}.elementor-851 .elementor-element.elementor-element-7f808ef .e-form__buttons__wrapper__button-previous:hover{color:#ffffff;}.elementor-851 .elementor-element.elementor-element-7f808ef{--e-form-steps-indicators-spacing:20px;--e-form-steps-indicator-padding:30px;--e-form-steps-indicator-inactive-secondary-color:#ffffff;--e-form-steps-indicator-active-secondary-color:#ffffff;--e-form-steps-indicator-completed-secondary-color:#ffffff;--e-form-steps-divider-width:1px;--e-form-steps-divider-gap:10px;}@media(max-width:1024px){.elementor-851 .elementor-element.elementor-element-7f808ef{width:100%;max-width:100%;}}@media(max-width:767px){.elementor-851 .elementor-element.elementor-element-aa4711e{--min-height:30vh;}.elementor-851 .elementor-element.elementor-element-5e74d89 .elementor-heading-title{font-size:2em;}.elementor-851 .elementor-element.elementor-element-0af566a{--padding-top:60px;--padding-bottom:60px;--padding-left:20px;--padding-right:20px;}.elementor-851 .elementor-element.elementor-element-bfe718b .elementor-heading-title{font-size:22px;}.elementor-851 .elementor-element.elementor-element-7f808ef .elementor-field-group > label{font-size:16px;}}@media(min-width:768px){.elementor-851 .elementor-element.elementor-element-18e0c4e{--content-width:600px;}}\/* Start Custom Fonts CSS *\/@font-face {\n\tfont-family: 'Erstoria';\n\tfont-style: normal;\n\tfont-weight: normal;\n\tfont-display: auto;\n\tsrc: url('https:\/\/emdesenvolvimento.com.br\/vm360\/wp-content\/uploads\/2026\/03\/Erstoria-Regular.eot');\n\tsrc: url('https:\/\/emdesenvolvimento.com.br\/vm360\/wp-content\/uploads\/2026\/03\/Erstoria-Regular.eot?#iefix') format('embedded-opentype'),\n\t\turl('https:\/\/emdesenvolvimento.com.br\/vm360\/wp-content\/uploads\/2026\/03\/Erstoria-Regular.woff2') format('woff2'),\n\t\turl('https:\/\/emdesenvolvimento.com.br\/vm360\/wp-content\/uploads\/2026\/03\/Erstoria-Regular.woff') format('woff'),\n\t\turl('https:\/\/emdesenvolvimento.com.br\/vm360\/wp-content\/uploads\/2026\/03\/Erstoria.ttf') format('truetype'),\n\t\turl('https:\/\/emdesenvolvimento.com.br\/vm360\/wp-content\/uploads\/2026\/03\/Erstoria-Regular.svg#Erstoria') format('svg');\n}\n\/* End Custom Fonts CSS *\/<\/style>\t\t<div data-elementor-type=\"wp-page\" data-elementor-id=\"851\" class=\"elementor elementor-851\" data-elementor-post-type=\"page\">\n\t\t\t\t<div class=\"elementor-element elementor-element-aa4711e e-flex e-con-boxed e-con e-parent\" data-id=\"aa4711e\" data-element_type=\"container\" data-e-type=\"container\" data-settings=\"{&quot;background_background&quot;:&quot;gradient&quot;}\">\n\t\t\t\t\t<div class=\"e-con-inner\">\n\t\t<div class=\"elementor-element elementor-element-18e0c4e e-flex e-con-boxed e-con e-child\" data-id=\"18e0c4e\" data-element_type=\"container\" data-e-type=\"container\">\n\t\t\t\t\t<div class=\"e-con-inner\">\n\t\t\t\t<div class=\"elementor-element elementor-element-5e74d89 elementor-widget elementor-widget-heading\" data-id=\"5e74d89\" data-element_type=\"widget\" data-e-type=\"widget\" data-widget_type=\"heading.default\">\n\t\t\t\t\t<h1 class=\"elementor-heading-title elementor-size-default\">Solicite uma Consultoria<\/h1>\t\t\t\t<\/div>\n\t\t\t\t<div class=\"elementor-element elementor-element-759a482 elementor-widget elementor-widget-text-editor\" data-id=\"759a482\" data-element_type=\"widget\" data-e-type=\"widget\" data-widget_type=\"text-editor.default\">\n\t\t\t\t\t\t\t\t\t<p><a href=\"https:\/\/emdesenvolvimento.com.br\/vm360\">Homepage<\/a> &gt; Solicitar Consultoria Jur\u00eddica<\/p>\t\t\t\t\t\t\t\t<\/div>\n\t\t\t\t\t<\/div>\n\t\t\t\t<\/div>\n\t\t\t\t\t<\/div>\n\t\t\t\t<\/div>\n\t\t<div class=\"elementor-element elementor-element-0af566a e-flex e-con-boxed e-con e-parent\" data-id=\"0af566a\" data-element_type=\"container\" data-e-type=\"container\" data-settings=\"{&quot;background_background&quot;:&quot;classic&quot;}\">\n\t\t\t\t\t<div class=\"e-con-inner\">\n\t\t\t\t<div class=\"elementor-element elementor-element-bfe718b elementor-widget elementor-widget-heading\" data-id=\"bfe718b\" data-element_type=\"widget\" data-e-type=\"widget\" data-widget_type=\"heading.default\">\n\t\t\t\t\t<h1 class=\"elementor-heading-title elementor-size-default\">Diga como podemos te ajudar!<br><span style=\"font-size:70%\">Logo menos um de nossos especialistas entrara em contato.<\/h1>\t\t\t\t<\/div>\n\t\t\t\t<div class=\"elementor-element elementor-element-7f808ef elementor-widget-tablet__width-inherit elementor-button-align-center elementor-widget elementor-widget-form\" data-id=\"7f808ef\" data-element_type=\"widget\" data-e-type=\"widget\" data-settings=\"{&quot;step_next_label&quot;:&quot;Pr\\u00f3ximo&quot;,&quot;step_previous_label&quot;:&quot;Anterior&quot;,&quot;button_width&quot;:&quot;100&quot;,&quot;step_type&quot;:&quot;number_text&quot;,&quot;step_icon_shape&quot;:&quot;circle&quot;}\" data-widget_type=\"form.default\">\n\t\t\t\t\t\t\t<form class=\"elementor-form\" method=\"post\" name=\"New Form\" aria-label=\"New Form\">\n\t\t\t<input type=\"hidden\" name=\"post_id\" value=\"851\"\/>\n\t\t\t<input type=\"hidden\" name=\"form_id\" value=\"7f808ef\"\/>\n\t\t\t<input type=\"hidden\" name=\"referer_title\" value=\"Proposta\" \/>\n\n\t\t\t\t\t\t\t<input type=\"hidden\" name=\"queried_id\" value=\"851\"\/>\n\t\t\t\n\t\t\t<div class=\"elementor-form-fields-wrapper elementor-labels-above\">\n\t\t\t\t\t\t\t\t<div class=\"elementor-field-type-text elementor-field-group elementor-column elementor-field-group-name elementor-col-50\">\n\t\t\t\t\t\t\t\t\t\t\t\t<label for=\"form-field-name\" class=\"elementor-field-label\">\n\t\t\t\t\t\t\t\tNome completo\t\t\t\t\t\t\t<\/label>\n\t\t\t\t\t\t\t\t\t\t\t\t\t\t<input size=\"1\" type=\"text\" name=\"form_fields[name]\" id=\"form-field-name\" class=\"elementor-field elementor-size-md  elementor-field-textual\" placeholder=\"Como podemos te chamar?\">\n\t\t\t\t\t\t\t\t\t\t\t<\/div>\n\t\t\t\t\t\t\t\t<div class=\"elementor-field-type-email elementor-field-group elementor-column elementor-field-group-email elementor-col-50 elementor-field-required elementor-mark-required\">\n\t\t\t\t\t\t\t\t\t\t\t\t<label for=\"form-field-email\" class=\"elementor-field-label\">\n\t\t\t\t\t\t\t\tEmail\t\t\t\t\t\t\t<\/label>\n\t\t\t\t\t\t\t\t\t\t\t\t\t\t<input size=\"1\" type=\"email\" name=\"form_fields[email]\" id=\"form-field-email\" class=\"elementor-field elementor-size-md  elementor-field-textual\" placeholder=\"Qual seu melhor Email\" required=\"required\">\n\t\t\t\t\t\t\t\t\t\t\t<\/div>\n\t\t\t\t\t\t\t\t<div class=\"elementor-field-type-tel elementor-field-group elementor-column elementor-field-group-message elementor-col-100 elementor-field-required elementor-mark-required\">\n\t\t\t\t\t\t\t\t\t\t\t\t<label for=\"form-field-message\" class=\"elementor-field-label\">\n\t\t\t\t\t\t\t\tWhatsapp para contato\t\t\t\t\t\t\t<\/label>\n\t\t\t\t\t\t\t\t<input size=\"1\" type=\"tel\" name=\"form_fields[message]\" id=\"form-field-message\" class=\"elementor-field elementor-size-md  elementor-field-textual\" placeholder=\"Ex: DDD (00) 00000-0000\" required=\"required\" pattern=\"[0-9()#&amp;+*-=.]+\" title=\"Only numbers and phone characters (#, -, *, etc) are accepted.\">\n\n\t\t\t\t\t\t<\/div>\n\t\t\t\t\t\t\t\t<div class=\"elementor-field-type-text elementor-field-group elementor-column elementor-field-group-field_ae2be57 elementor-col-100 elementor-field-required elementor-mark-required\">\n\t\t\t\t\t\t\t\t\t\t\t\t<label for=\"form-field-field_ae2be57\" class=\"elementor-field-label\">\n\t\t\t\t\t\t\t\tCondom\u00ednio\t\t\t\t\t\t\t<\/label>\n\t\t\t\t\t\t\t\t\t\t\t\t\t\t<input size=\"1\" type=\"text\" name=\"form_fields[field_ae2be57]\" id=\"form-field-field_ae2be57\" class=\"elementor-field elementor-size-md  elementor-field-textual\" placeholder=\"Nome do seu Condom\u00ednio\" required=\"required\">\n\t\t\t\t\t\t\t\t\t\t\t<\/div>\n\t\t\t\t\t\t\t\t<div class=\"elementor-field-type-select elementor-field-group elementor-column elementor-field-group-field_34296b1 elementor-col-50 elementor-field-required elementor-mark-required\">\n\t\t\t\t\t\t\t\t\t\t\t\t<label for=\"form-field-field_34296b1\" class=\"elementor-field-label\">\n\t\t\t\t\t\t\t\tSeu Perfil\t\t\t\t\t\t\t<\/label>\n\t\t\t\t\t\t\t\t<div class=\"elementor-field elementor-select-wrapper remove-before \">\n\t\t\t<div class=\"select-caret-down-wrapper\">\n\t\t\t\t<svg aria-hidden=\"true\" class=\"e-font-icon-svg e-eicon-caret-down\" viewBox=\"0 0 571.4 571.4\" xmlns=\"http:\/\/www.w3.org\/2000\/svg\"><path d=\"M571 393Q571 407 561 418L311 668Q300 679 286 679T261 668L11 418Q0 407 0 393T11 368 36 357H536Q550 357 561 368T571 393Z\"><\/path><\/svg>\t\t\t<\/div>\n\t\t\t<select name=\"form_fields[field_34296b1]\" id=\"form-field-field_34296b1\" class=\"elementor-field-textual elementor-size-md\" required=\"required\">\n\t\t\t\t\t\t\t\t\t<option value=\"S\u00edndico\">S\u00edndico<\/option>\n\t\t\t\t\t\t\t\t\t<option value=\"Membro do Conselho\">Membro do Conselho<\/option>\n\t\t\t\t\t\t\t\t\t<option value=\"Investidor Imobili\u00e1rio\">Investidor Imobili\u00e1rio<\/option>\n\t\t\t\t\t\t\t\t\t<option value=\"Administradora de Condom\u00ednio\">Administradora de Condom\u00ednio<\/option>\n\t\t\t\t\t\t\t\t\t<option value=\"Outro\">Outro<\/option>\n\t\t\t\t\t\t\t<\/select>\n\t\t<\/div>\n\t\t\t\t\t\t<\/div>\n\t\t\t\t\t\t\t\t<div class=\"elementor-field-type-select elementor-field-group elementor-column elementor-field-group-field_a6687a8 elementor-col-50 elementor-field-required elementor-mark-required\">\n\t\t\t\t\t\t\t\t\t\t\t\t<label for=\"form-field-field_a6687a8\" class=\"elementor-field-label\">\n\t\t\t\t\t\t\t\tQual sua Principal Necesidade hoje?\t\t\t\t\t\t\t<\/label>\n\t\t\t\t\t\t\t\t<div class=\"elementor-field elementor-select-wrapper remove-before \">\n\t\t\t<div class=\"select-caret-down-wrapper\">\n\t\t\t\t<svg aria-hidden=\"true\" class=\"e-font-icon-svg e-eicon-caret-down\" viewBox=\"0 0 571.4 571.4\" xmlns=\"http:\/\/www.w3.org\/2000\/svg\"><path d=\"M571 393Q571 407 561 418L311 668Q300 679 286 679T261 668L11 418Q0 407 0 393T11 368 36 357H536Q550 357 561 368T571 393Z\"><\/path><\/svg>\t\t\t<\/div>\n\t\t\t<select name=\"form_fields[field_a6687a8]\" id=\"form-field-field_a6687a8\" class=\"elementor-field-textual elementor-size-md\" required=\"required\">\n\t\t\t\t\t\t\t\t\t<option value=\"Assessoria Jur\u00eddica Preventiva\">Assessoria Jur\u00eddica Preventiva<\/option>\n\t\t\t\t\t\t\t\t\t<option value=\"Regulariza\u00e7\u00e3o de Im\u00f3veis \/ Cart\u00f3rios\">Regulariza\u00e7\u00e3o de Im\u00f3veis \/ Cart\u00f3rios<\/option>\n\t\t\t\t\t\t\t\t\t<option value=\"Outro\">Outro<\/option>\n\t\t\t\t\t\t\t<\/select>\n\t\t<\/div>\n\t\t\t\t\t\t<\/div>\n\t\t\t\t\t\t\t\t<div class=\"elementor-field-type-textarea elementor-field-group elementor-column elementor-field-group-field_60109b7 elementor-col-100\">\n\t\t\t\t\t\t\t\t\t\t\t\t<label for=\"form-field-field_60109b7\" class=\"elementor-field-label\">\n\t\t\t\t\t\t\t\tConte-nos mais!\t\t\t\t\t\t\t<\/label>\n\t\t\t\t\t\t<textarea class=\"elementor-field-textual elementor-field  elementor-size-md\" name=\"form_fields[field_60109b7]\" id=\"form-field-field_60109b7\" rows=\"4\" placeholder=\"Conte-nos brevemente sobre o seu caso.\"><\/textarea>\t\t\t\t<\/div>\n\t\t\t\t\t\t\t\t<div class=\"elementor-field-group elementor-column elementor-field-type-submit elementor-col-100 e-form__buttons\">\n\t\t\t\t\t<button class=\"elementor-button elementor-size-sm\" type=\"submit\">\n\t\t\t\t\t\t<span class=\"elementor-button-content-wrapper\">\n\t\t\t\t\t\t\t\t\t\t\t\t\t\t\t\t\t\t\t\t\t\t<span class=\"elementor-button-text\">Solicitar Assist\u00eancia Juridica<\/span>\n\t\t\t\t\t\t\t\t\t\t\t\t\t<\/span>\n\t\t\t\t\t<\/button>\n\t\t\t\t<\/div>\n\t\t\t<\/div>\n\t\t<\/form>\n\t\t\t\t\t\t<\/div>\n\t\t\t\t\t<\/div>\n\t\t\t\t<\/div>\n\t\t\t\t<\/div>\n\t\t","protected":false},"excerpt":{"rendered":"<p>Solicite uma Consultoria Homepage &gt; Solicitar Consultoria Jur\u00eddica Diga como podemos te ajudar!Logo menos um de nossos especialistas entrara em contato.<\/p>\n","protected":false},"author":1,"featured_media":0,"parent":0,"menu_order":0,"comment_status":"closed","ping_status":"closed","template":"elementor_header_footer","meta":{"footnotes":""},"class_list":["post-851","page","type-page","status-publish","hentry"],"_links":{"self":[{"href":"https:\/\/emdesenvolvimento.com.br\/vm360\/wp-json\/wp\/v2\/pages\/851","targetHints":{"allow":["GET"]}}],"collection":[{"href":"https:\/\/emdesenvolvimento.com.br\/vm360\/wp-json\/wp\/v2\/pages"}],"about":[{"href":"https:\/\/emdesenvolvimento.com.br\/vm360\/wp-json\/wp\/v2\/types\/page"}],"author":[{"embeddable":true,"href":"https:\/\/emdesenvolvimento.com.br\/vm360\/wp-json\/wp\/v2\/users\/1"}],"replies":[{"embeddable":true,"href":"https:\/\/emdesenvolvimento.com.br\/vm360\/wp-json\/wp\/v2\/comments?post=851"}],"version-history":[{"count":3,"href":"https:\/\/emdesenvolvimento.com.br\/vm360\/wp-json\/wp\/v2\/pages\/851\/revisions"}],"predecessor-version":[{"id":1079,"href":"https:\/\/emdesenvolvimento.com.br\/vm360\/wp-json\/wp\/v2\/pages\/851\/revisions\/1079"}],"wp:attachment":[{"href":"https:\/\/emdesenvolvimento.com.br\/vm360\/wp-json\/wp\/v2\/media?parent=851"}],"curies":[{"name":"wp","href":"https:\/\/api.w.org\/{rel}","templated":true}]}}